{"id":11343,"date":"2022-04-28T13:37:38","date_gmt":"2022-04-28T12:37:38","guid":{"rendered":"https:\/\/siroco.com.pt\/legal\/"},"modified":"2022-12-23T17:32:40","modified_gmt":"2022-12-23T17:32:40","slug":"legal","status":"publish","type":"page","link":"https:\/\/siroco.com.pt\/fr\/legal\/","title":{"rendered":"Legal"},"content":{"rendered":"\t\t<div data-elementor-type=\"wp-page\" data-elementor-id=\"11343\" class=\"elementor elementor-11343 elementor-1780\" data-elementor-post-type=\"page\">\n\t\t\t\t\t\t\t\t\t<section class=\"elementor-section elementor-top-section elementor-element elementor-element-76fd662 elementor-section-boxed elementor-section-height-default elementor-section-height-default\" data-id=\"76fd662\" data-element_type=\"section\">\n\t\t\t\t\t\t<div class=\"elementor-container elementor-column-gap-no\">\n\t\t\t\t\t<div class=\"elementor-column elementor-col-100 elementor-top-column elementor-element elementor-element-d32f25a\" data-id=\"d32f25a\" data-element_type=\"column\" data-settings=\"{&quot;background_background&quot;:&quot;classic&quot;}\">\n\t\t\t<div class=\"elementor-widget-wrap elementor-element-populated\">\n\t\t\t\t\t<div class=\"elementor-background-overlay\"><\/div>\n\t\t\t\t\t\t\t\t<section class=\"elementor-section elementor-inner-section elementor-element elementor-element-8ca351e elementor-section-boxed elementor-section-height-default elementor-section-height-default\" data-id=\"8ca351e\" data-element_type=\"section\">\n\t\t\t\t\t\t<div class=\"elementor-container elementor-column-gap-default\">\n\t\t\t\t\t<div class=\"elementor-column elementor-col-33 elementor-inner-column elementor-element elementor-element-9fa9de6\" data-id=\"9fa9de6\" data-element_type=\"column\">\n\t\t\t<div class=\"elementor-widget-wrap elementor-element-populated\">\n\t\t\t\t\t\t\t\t<div class=\"elementor-element elementor-element-5a10012 elementor-widget elementor-widget-heading\" data-id=\"5a10012\" data-element_type=\"widget\" data-widget_type=\"heading.default\">\n\t\t\t\t<div class=\"elementor-widget-container\">\n\t\t\t<style>\/*! elementor - v3.16.0 - 20-09-2023 *\/\n.elementor-heading-title{padding:0;margin:0;line-height:1}.elementor-widget-heading .elementor-heading-title[class*=elementor-size-]>a{color:inherit;font-size:inherit;line-height:inherit}.elementor-widget-heading .elementor-heading-title.elementor-size-small{font-size:15px}.elementor-widget-heading .elementor-heading-title.elementor-size-medium{font-size:19px}.elementor-widget-heading .elementor-heading-title.elementor-size-large{font-size:29px}.elementor-widget-heading .elementor-heading-title.elementor-size-xl{font-size:39px}.elementor-widget-heading .elementor-heading-title.elementor-size-xxl{font-size:59px}<\/style><h1 class=\"elementor-heading-title elementor-size-default\">Politique de Confidentialit\u00e9 et Conditions d'Utilisation <\/h1>\t\t<\/div>\n\t\t\t\t<\/div>\n\t\t\t\t\t<\/div>\n\t\t<\/div>\n\t\t\t\t<div class=\"elementor-column elementor-col-33 elementor-inner-column elementor-element elementor-element-23fa5e8 elementor-hidden-mobile\" data-id=\"23fa5e8\" data-element_type=\"column\">\n\t\t\t<div class=\"elementor-widget-wrap\">\n\t\t\t\t\t\t\t\t\t<\/div>\n\t\t<\/div>\n\t\t\t\t<div class=\"elementor-column elementor-col-33 elementor-inner-column elementor-element elementor-element-4993b50 elementor-hidden-mobile\" data-id=\"4993b50\" data-element_type=\"column\">\n\t\t\t<div class=\"elementor-widget-wrap\">\n\t\t\t\t\t\t\t\t\t<\/div>\n\t\t<\/div>\n\t\t\t\t\t\t\t<\/div>\n\t\t<\/section>\n\t\t\t\t\t<\/div>\n\t\t<\/div>\n\t\t\t\t\t\t\t<\/div>\n\t\t<\/section>\n\t\t\t\t<section class=\"elementor-section elementor-top-section elementor-element elementor-element-5152151 elementor-section-boxed elementor-section-height-default elementor-section-height-default\" data-id=\"5152151\" data-element_type=\"section\">\n\t\t\t\t\t\t<div class=\"elementor-container elementor-column-gap-no\">\n\t\t\t\t\t<div class=\"elementor-column elementor-col-100 elementor-top-column elementor-element elementor-element-2cc0634\" data-id=\"2cc0634\" data-element_type=\"column\" data-settings=\"{&quot;background_background&quot;:&quot;classic&quot;}\">\n\t\t\t<div class=\"elementor-widget-wrap elementor-element-populated\">\n\t\t\t\t\t<div class=\"elementor-background-overlay\"><\/div>\n\t\t\t\t\t\t\t\t<section class=\"elementor-section elementor-inner-section elementor-element elementor-element-5e3f904 elementor-section-boxed elementor-section-height-default elementor-section-height-default\" data-id=\"5e3f904\" data-element_type=\"section\">\n\t\t\t\t\t\t<div class=\"elementor-container elementor-column-gap-default\">\n\t\t\t\t\t<div class=\"elementor-column elementor-col-50 elementor-inner-column elementor-element elementor-element-e62cd12 elementor-hidden-mobile\" data-id=\"e62cd12\" data-element_type=\"column\">\n\t\t\t<div class=\"elementor-widget-wrap\">\n\t\t\t\t\t\t\t\t\t<\/div>\n\t\t<\/div>\n\t\t\t\t<div class=\"elementor-column elementor-col-50 elementor-inner-column elementor-element elementor-element-2d979bb\" data-id=\"2d979bb\" data-element_type=\"column\">\n\t\t\t<div class=\"elementor-widget-wrap elementor-element-populated\">\n\t\t\t\t\t\t\t\t<div class=\"elementor-element elementor-element-bfd2987 elementor-widget elementor-widget-heading\" data-id=\"bfd2987\" data-element_type=\"widget\" id=\"our-terms\" data-widget_type=\"heading.default\">\n\t\t\t\t<div class=\"elementor-widget-container\">\n\t\t\t<span class=\"elementor-heading-title elementor-size-default\">Entreprise<\/span>\t\t<\/div>\n\t\t\t\t<\/div>\n\t\t\t\t<div class=\"elementor-element elementor-element-194821e elementor-widget elementor-widget-text-editor\" data-id=\"194821e\" data-element_type=\"widget\" data-widget_type=\"text-editor.default\">\n\t\t\t\t<div class=\"elementor-widget-container\">\n\t\t\t<style>\/*! elementor - v3.16.0 - 20-09-2023 *\/\n.elementor-widget-text-editor.elementor-drop-cap-view-stacked .elementor-drop-cap{background-color:#69727d;color:#fff}.elementor-widget-text-editor.elementor-drop-cap-view-framed .elementor-drop-cap{color:#69727d;border:3px solid;background-color:transparent}.elementor-widget-text-editor:not(.elementor-drop-cap-view-default) .elementor-drop-cap{margin-top:8px}.elementor-widget-text-editor:not(.elementor-drop-cap-view-default) .elementor-drop-cap-letter{width:1em;height:1em}.elementor-widget-text-editor .elementor-drop-cap{float:left;text-align:center;line-height:1;font-size:50px}.elementor-widget-text-editor .elementor-drop-cap-letter{display:inline-block}<\/style>\t\t\t\t<p><span id=\"\" data-sheets-value=\"{\" data-sheets-userformat=\"{\">Siroco, Soci\u00e9t\u00e9 Industrielle de Robotique et Contr\u00f4le, SA est une soci\u00e9t\u00e9 anonyme dont le si\u00e8ge se situe en Aveiro, sp\u00e9cialis\u00e9 sur le d\u00e9veloppement et production de machines sp\u00e9ciales pour l&rsquo;industrie, ID Nbr. 501978119.<br \/><\/span><\/p>\n<p><span id=\"\" data-sheets-value=\"{\" data-sheets-userformat=\"{\">Cette Politique de Confidentialit\u00e9 s&rsquo;applique surtout \u00e0 la collecte et au traitement de donn\u00e9es personnelles par SIROCO, S.A. et est compl\u00e9mentaire aux conditions mentionn\u00e9es sur les contrats d&rsquo;approvisionnement, de services ou similaires.<\/span><\/p>\n\t\t\t\t\t\t<\/div>\n\t\t\t\t<\/div>\n\t\t\t\t<div class=\"elementor-element elementor-element-bef1d16 elementor-widget elementor-widget-heading\" data-id=\"bef1d16\" data-element_type=\"widget\" data-widget_type=\"heading.default\">\n\t\t\t\t<div class=\"elementor-widget-container\">\n\t\t\t<span class=\"elementor-heading-title elementor-size-default\">Cadre<\/span>\t\t<\/div>\n\t\t\t\t<\/div>\n\t\t\t\t<div class=\"elementor-element elementor-element-662aa25 elementor-widget elementor-widget-text-editor\" data-id=\"662aa25\" data-element_type=\"widget\" data-widget_type=\"text-editor.default\">\n\t\t\t\t<div class=\"elementor-widget-container\">\n\t\t\t\t\t\t\t<p>Le nouveau R\u00e8glement G\u00e9n\u00e9ral de Protection de Donn\u00e9es (GDPR), adopt\u00e9 par le Parlement Europ\u00e9en en mai 2016, 25 mai 2018. La SIROCO S.A. s&rsquo;engage en prot\u00e9ger la confidentialit\u00e9 de ses clients et des utilisateurs de ses plateformes num\u00e9riques avec l&rsquo;objectif de signer son engagement de confidentialit\u00e9 et la protection de donn\u00e9es personnelles et que respecter en stricte conformit\u00e9 avec la Loi de Protection de Donn\u00e9es Personnelles.<\/p>\n\t\t\t\t\t\t<\/div>\n\t\t\t\t<\/div>\n\t\t\t\t<div class=\"elementor-element elementor-element-e5985d7 elementor-widget elementor-widget-heading\" data-id=\"e5985d7\" data-element_type=\"widget\" data-widget_type=\"heading.default\">\n\t\t\t\t<div class=\"elementor-widget-container\">\n\t\t\t<span class=\"elementor-heading-title elementor-size-default\">C'est quoi les donn\u00e9es personnelles?<\/span>\t\t<\/div>\n\t\t\t\t<\/div>\n\t\t\t\t<div class=\"elementor-element elementor-element-0b7ea7d elementor-widget elementor-widget-text-editor\" data-id=\"0b7ea7d\" data-element_type=\"widget\" data-widget_type=\"text-editor.default\">\n\t\t\t\t<div class=\"elementor-widget-container\">\n\t\t\t\t\t\t\t<p>Toute information relative \u00e0 une personne identifi\u00e9e ou identifiable, directe ou indirectement.<\/p>\n\t\t\t\t\t\t<\/div>\n\t\t\t\t<\/div>\n\t\t\t\t<div class=\"elementor-element elementor-element-72c4022 elementor-widget elementor-widget-heading\" data-id=\"72c4022\" data-element_type=\"widget\" data-widget_type=\"heading.default\">\n\t\t\t\t<div class=\"elementor-widget-container\">\n\t\t\t<span class=\"elementor-heading-title elementor-size-default\">Le type de donn\u00e9es personnelles qu'on collecte, comment et dans quel but<\/span>\t\t<\/div>\n\t\t\t\t<\/div>\n\t\t\t\t<div class=\"elementor-element elementor-element-4f93acf elementor-widget elementor-widget-text-editor\" data-id=\"4f93acf\" data-element_type=\"widget\" data-widget_type=\"text-editor.default\">\n\t\t\t\t<div class=\"elementor-widget-container\">\n\t\t\t\t\t\t\t<p>Nous collectons les donn\u00e9es personnelles quand vous vous identifiez sur notre website, demandez un produit, service ou information, faites une r\u00e9clamation ou donnez une opinion.<\/p>\n<p>LA SIROCO S.A. collecte les donn\u00e9es personnelles n\u00e9cessaires \u00e0 votre activit\u00e9, notamment pour la gestion de la relation contractuelle d&rsquo;approvisionnement de produits et de prestation de services et de service-client, traitant dans ce contexte des donn\u00e9es tels comme le nom, l&rsquo;adresse, le num\u00e9ro de t\u00e9l\u00e9phone, l&rsquo;adresse e-mail, num\u00e9ro de imp\u00f4t et donn\u00e9es relatives avec l&rsquo;historique d&rsquo;achats.<\/p>\n<p>Nous pouvons aussi collecter vos donn\u00e9es pour divulguer des nouveaux produits, services, offres sp\u00e9ciales ou autres informations que nous croyons \u00eatre int\u00e9ressantes pour vous. Au titulaire des donn\u00e9es nous garantissons le droit d&rsquo;acc\u00e8s, d&rsquo;actualisation, de correction et suppression des donn\u00e9es. Pour cela, contactez-nous en utilisant le e-mail siroco@siroco.com.pt.<\/p>\n\t\t\t\t\t\t<\/div>\n\t\t\t\t<\/div>\n\t\t\t\t<div class=\"elementor-element elementor-element-d04b89f elementor-widget elementor-widget-heading\" data-id=\"d04b89f\" data-element_type=\"widget\" data-widget_type=\"heading.default\">\n\t\t\t\t<div class=\"elementor-widget-container\">\n\t\t\t<span class=\"elementor-heading-title elementor-size-default\">Temps d'approvisionnement<\/span>\t\t<\/div>\n\t\t\t\t<\/div>\n\t\t\t\t<div class=\"elementor-element elementor-element-c55b6c2 elementor-widget elementor-widget-text-editor\" data-id=\"c55b6c2\" data-element_type=\"widget\" data-widget_type=\"text-editor.default\">\n\t\t\t\t<div class=\"elementor-widget-container\">\n\t\t\t\t\t\t\t<p>En cas d&rsquo;inexistence des conditions l\u00e9gales d\u00e9finies, les donn\u00e9es sont approvisionn\u00e9s pendant la p\u00e9riode minimum n\u00e9cessaire pour atteindre l&rsquo;objectif pour lequel sont collect\u00e9s.<\/p>\n<p>Pour des fins de marketing et le service client, vos donn\u00e9es sont approvisionn\u00e9s par une p\u00e9riode maximum de 10 ans apr\u00e8s votre consentement ou votre dernier contact. Vous pouvez r\u00e9voquer votre consentement ici \u00e0 tout moment.<\/p>\n\t\t\t\t\t\t<\/div>\n\t\t\t\t<\/div>\n\t\t\t\t<div class=\"elementor-element elementor-element-2883fb9 elementor-widget elementor-widget-heading\" data-id=\"2883fb9\" data-element_type=\"widget\" data-widget_type=\"heading.default\">\n\t\t\t\t<div class=\"elementor-widget-container\">\n\t\t\t<span class=\"elementor-heading-title elementor-size-default\">S\u00e9curit\u00e9 des donn\u00e9es<\/span>\t\t<\/div>\n\t\t\t\t<\/div>\n\t\t\t\t<div class=\"elementor-element elementor-element-80c162f elementor-widget elementor-widget-text-editor\" data-id=\"80c162f\" data-element_type=\"widget\" data-widget_type=\"text-editor.default\">\n\t\t\t\t<div class=\"elementor-widget-container\">\n\t\t\t\t\t\t\t<p>Afin de garantir la s\u00e9curit\u00e9 et l&rsquo;int\u00e9grit\u00e9 des donn\u00e9es fournies par les utilisateurs de notre website et des plateformes num\u00e9riques, nous mettons en place des mesures technologiques et d&rsquo;organisation que nous aident \u00e0 maintenir l&rsquo;information s\u00fbre et actualis\u00e9e.<\/p>\n<p>Les donn\u00e9es consult\u00e9es et ceux volontairement pr\u00e9sent\u00e9es par l&rsquo;utilisateur sont codifi\u00e9s et approvisionn\u00e9s en s\u00e9curit\u00e9, soumis aux mesures de s\u00e9curit\u00e9 que nous consid\u00e9rons essentiels pour votre protection.<\/p>\n<p>Pendant que tous les mesures sont prises, nous rappelons nos utilisateurs l&rsquo;importance d&rsquo;avoir votre ordinateur et browser actualis\u00e9s, des programmes de s\u00e9curit\u00e9 configur\u00e9s, un firewall actif, un anti-virus et un anti-spyware et nous certifiant l&rsquo;authenticit\u00e9 des websites sur lesquels vous naviguez.<\/p>\n\t\t\t\t\t\t<\/div>\n\t\t\t\t<\/div>\n\t\t\t\t<div class=\"elementor-element elementor-element-9bdbaa8 elementor-widget elementor-widget-heading\" data-id=\"9bdbaa8\" data-element_type=\"widget\" id=\"cookies-policy\" data-widget_type=\"heading.default\">\n\t\t\t\t<div class=\"elementor-widget-container\">\n\t\t\t<span class=\"elementor-heading-title elementor-size-default\">Cookies<\/span>\t\t<\/div>\n\t\t\t\t<\/div>\n\t\t\t\t<div class=\"elementor-element elementor-element-91fb6c6 elementor-widget elementor-widget-text-editor\" data-id=\"91fb6c6\" data-element_type=\"widget\" data-widget_type=\"text-editor.default\">\n\t\t\t\t<div class=\"elementor-widget-container\">\n\t\t\t\t\t\t\t<p>Les cookies sont des petites \u00e9tiquettes de software approvisionn\u00e9es sur votre ordinateur \u00e0 travers votre browser que lui permettent optimiser votre exp\u00e9rience de navigation et analyser l&rsquo;utilisation g\u00e9n\u00e9rale de votre website.<\/p>\n<p>Les cookies sont utilis\u00e9s par la SIROCO, S.A. pour:<\/p>\n<p>* Recueillir des adresses IP des utilisateurs. De cette fa\u00e7on, nous pouvons personnaliser ses pr\u00e9f\u00e9rences d&rsquo;utilisation;<br \/>* Obtenir information statistique sur le site web, par exemple, nous distinguons les nouveaux utilisateurs des utilisateurs r\u00e9guliers.<\/p>\n<p>Peut limiter ou restreindre l&rsquo;admission de cookies dans les options de votre navigateur.<\/p>\n\t\t\t\t\t\t<\/div>\n\t\t\t\t<\/div>\n\t\t\t\t<div class=\"elementor-element elementor-element-58372e4 elementor-widget elementor-widget-heading\" data-id=\"58372e4\" data-element_type=\"widget\" data-widget_type=\"heading.default\">\n\t\t\t\t<div class=\"elementor-widget-container\">\n\t\t\t<span class=\"elementor-heading-title elementor-size-default\">Concession de donn\u00e9es \u00e0 tiers<\/span>\t\t<\/div>\n\t\t\t\t<\/div>\n\t\t\t\t<div class=\"elementor-element elementor-element-7809a2b elementor-widget elementor-widget-text-editor\" data-id=\"7809a2b\" data-element_type=\"widget\" data-widget_type=\"text-editor.default\">\n\t\t\t\t<div class=\"elementor-widget-container\">\n\t\t\t\t\t\t\t<p>En certaines situations, SIROCO, S.A. peut transf\u00e9rer des donn\u00e9es personnelles \u00e0 tiers pour que ceux-ci puissent fournir des services en notre nom. Quand cela arrive, nous v\u00e9rifions l&rsquo;ad\u00e9quation de ces entit\u00e9s et les garanties qui offrent \u00e0 ce niveau, formalisant toutes les conditions en contrat avec l&rsquo;entit\u00e9 mentionn\u00e9e. SIROCO, S.A. fournit uniquement les donn\u00e9es strictement n\u00e9cessaires et sera toujours responsables par les donn\u00e9es fournies.<\/p>\n<p>De plus, nous pouvons fournir des donn\u00e9es personnelles pour respecter la loi, prot\u00e9ger ou d\u00e9fendre les droits de propri\u00e9t\u00e9 de SIROCO, S.A. ou agir en situations graves de protection et s\u00e9curit\u00e9 de donn\u00e9es de nos utilisateurs, clients et publique.<\/p>\n\t\t\t\t\t\t<\/div>\n\t\t\t\t<\/div>\n\t\t\t\t<div class=\"elementor-element elementor-element-ff077c3 elementor-widget elementor-widget-heading\" data-id=\"ff077c3\" data-element_type=\"widget\" id=\"privacy-policy\" data-widget_type=\"heading.default\">\n\t\t\t\t<div class=\"elementor-widget-container\">\n\t\t\t<span class=\"elementor-heading-title elementor-size-default\">Changements de la Politique de Confidentialit\u00e9<\/span>\t\t<\/div>\n\t\t\t\t<\/div>\n\t\t\t\t<div class=\"elementor-element elementor-element-51accc2 elementor-widget elementor-widget-text-editor\" data-id=\"51accc2\" data-element_type=\"widget\" data-widget_type=\"text-editor.default\">\n\t\t\t\t<div class=\"elementor-widget-container\">\n\t\t\t\t\t\t\t<p>SIROCO, S.A. se r\u00e9serve le droit d&rsquo;actualiser cette Politique de Confidentialit\u00e9 \u00e0 tout moment. L&rsquo;utilisation du service constitue l&rsquo;acceptation de ces conditions et toutes les actualisations. C&rsquo;est pourquoi vous devez v\u00e9rifier de temps en temps la Politique de Confidentialit\u00e9.<\/p>\n\t\t\t\t\t\t<\/div>\n\t\t\t\t<\/div>\n\t\t\t\t<div class=\"elementor-element elementor-element-d2d775c elementor-widget elementor-widget-heading\" data-id=\"d2d775c\" data-element_type=\"widget\" data-widget_type=\"heading.default\">\n\t\t\t\t<div class=\"elementor-widget-container\">\n\t\t\t<span class=\"elementor-heading-title elementor-size-default\">Contacts<\/span>\t\t<\/div>\n\t\t\t\t<\/div>\n\t\t\t\t<div class=\"elementor-element elementor-element-94c03e7 elementor-widget elementor-widget-text-editor\" data-id=\"94c03e7\" data-element_type=\"widget\" data-widget_type=\"text-editor.default\">\n\t\t\t\t<div class=\"elementor-widget-container\">\n\t\t\t\t\t\t\t<p>L&rsquo;entitit\u00e9 responsable par la collecte et le traitement des donn\u00e9es personnelles est SIROCO S.A. Si vous avez un doute sur notre politique de confidentialit\u00e9 ou sur les informations que nous avons sur vous, <a href=\"https:\/\/siroco.com.pt\/fr\/contacts\/\"><span style=\"color: #00ADEE;\">contactez-nous.<\/span><\/a><\/p>\n\t\t\t\t\t\t<\/div>\n\t\t\t\t<\/div>\n\t\t\t\t\t<\/div>\n\t\t<\/div>\n\t\t\t\t\t\t\t<\/div>\n\t\t<\/section>\n\t\t\t\t\t<\/div>\n\t\t<\/div>\n\t\t\t\t\t\t\t<\/div>\n\t\t<\/section>\n\t\t\t\t\t\t\t<\/div>\n\t\t","protected":false},"excerpt":{"rendered":"<p>Politique de Confidentialit\u00e9 et Conditions d&rsquo;Utilisation Entreprise Siroco, Soci\u00e9t\u00e9 Industrielle de Robotique et Contr\u00f4le, SA est une soci\u00e9t\u00e9 anonyme dont le si\u00e8ge se situe en Aveiro, sp\u00e9cialis\u00e9 sur le d\u00e9veloppement et production de machines sp\u00e9ciales pour l&rsquo;industrie, ID Nbr. 501978119. Cette Politique de Confidentialit\u00e9 s&rsquo;applique surtout \u00e0 la collecte et au traitement de donn\u00e9es personnelles [&hellip;]<\/p>\n","protected":false},"author":13,"featured_media":0,"parent":0,"menu_order":0,"comment_status":"closed","ping_status":"closed","template":"","meta":{"footnotes":""},"class_list":["post-11343","page","type-page","status-publish","hentry"],"yoast_head":"<!-- This site is optimized with the Yoast SEO plugin v27.1.1 - https:\/\/yoast.com\/product\/yoast-seo-wordpress\/ -->\n<title>Legal - Siroco<\/title>\n<meta name=\"robots\" content=\"index, follow, max-snippet:-1, max-image-preview:large, max-video-preview:-1\" \/>\n<link rel=\"canonical\" href=\"https:\/\/siroco.com.pt\/fr\/legal\/\" \/>\n<meta property=\"og:locale\" content=\"fr_FR\" \/>\n<meta property=\"og:type\" content=\"article\" \/>\n<meta property=\"og:title\" content=\"Legal - Siroco\" \/>\n<meta property=\"og:description\" content=\"Politique de Confidentialit\u00e9 et Conditions d&rsquo;Utilisation Entreprise Siroco, Soci\u00e9t\u00e9 Industrielle de Robotique et Contr\u00f4le, SA est une soci\u00e9t\u00e9 anonyme dont le si\u00e8ge se situe en Aveiro, sp\u00e9cialis\u00e9 sur le d\u00e9veloppement et production de machines sp\u00e9ciales pour l&rsquo;industrie, ID Nbr. 501978119. Cette Politique de Confidentialit\u00e9 s&rsquo;applique surtout \u00e0 la collecte et au traitement de donn\u00e9es personnelles [&hellip;]\" \/>\n<meta property=\"og:url\" content=\"https:\/\/siroco.com.pt\/fr\/legal\/\" \/>\n<meta property=\"og:site_name\" content=\"Siroco\" \/>\n<meta property=\"article:modified_time\" content=\"2022-12-23T17:32:40+00:00\" \/>\n<meta name=\"twitter:card\" content=\"summary_large_image\" \/>\n<meta name=\"twitter:label1\" content=\"Dur\u00e9e de lecture estim\u00e9e\" \/>\n\t<meta name=\"twitter:data1\" content=\"4 minutes\" \/>\n<script type=\"application\/ld+json\" class=\"yoast-schema-graph\">{\"@context\":\"https:\/\/schema.org\",\"@graph\":[{\"@type\":\"WebPage\",\"@id\":\"https:\/\/siroco.com.pt\/fr\/legal\/\",\"url\":\"https:\/\/siroco.com.pt\/fr\/legal\/\",\"name\":\"Legal - Siroco\",\"isPartOf\":{\"@id\":\"https:\/\/siroco.com.pt\/fr\/#website\"},\"datePublished\":\"2022-04-28T12:37:38+00:00\",\"dateModified\":\"2022-12-23T17:32:40+00:00\",\"breadcrumb\":{\"@id\":\"https:\/\/siroco.com.pt\/fr\/legal\/#breadcrumb\"},\"inLanguage\":\"fr-FR\",\"potentialAction\":[{\"@type\":\"ReadAction\",\"target\":[\"https:\/\/siroco.com.pt\/fr\/legal\/\"]}]},{\"@type\":\"BreadcrumbList\",\"@id\":\"https:\/\/siroco.com.pt\/fr\/legal\/#breadcrumb\",\"itemListElement\":[{\"@type\":\"ListItem\",\"position\":1,\"name\":\"Home\",\"item\":\"https:\/\/siroco.com.pt\/fr\/homepage\/\"},{\"@type\":\"ListItem\",\"position\":2,\"name\":\"Legal\"}]},{\"@type\":\"WebSite\",\"@id\":\"https:\/\/siroco.com.pt\/fr\/#website\",\"url\":\"https:\/\/siroco.com.pt\/fr\/\",\"name\":\"Siroco\",\"description\":\"Automation and robotics solutions\",\"publisher\":{\"@id\":\"https:\/\/siroco.com.pt\/fr\/#organization\"},\"potentialAction\":[{\"@type\":\"SearchAction\",\"target\":{\"@type\":\"EntryPoint\",\"urlTemplate\":\"https:\/\/siroco.com.pt\/fr\/?s={search_term_string}\"},\"query-input\":{\"@type\":\"PropertyValueSpecification\",\"valueRequired\":true,\"valueName\":\"search_term_string\"}}],\"inLanguage\":\"fr-FR\"},{\"@type\":\"Organization\",\"@id\":\"https:\/\/siroco.com.pt\/fr\/#organization\",\"name\":\"Siroco\",\"url\":\"https:\/\/siroco.com.pt\/fr\/\",\"logo\":{\"@type\":\"ImageObject\",\"inLanguage\":\"fr-FR\",\"@id\":\"https:\/\/siroco.com.pt\/fr\/#\/schema\/logo\/image\/\",\"url\":\"https:\/\/siroco.com.pt\/wp-content\/uploads\/2022\/04\/Logo.svg\",\"contentUrl\":\"https:\/\/siroco.com.pt\/wp-content\/uploads\/2022\/04\/Logo.svg\",\"width\":189.7640000000000100044417195022106170654296875,\"height\":80,\"caption\":\"Siroco\"},\"image\":{\"@id\":\"https:\/\/siroco.com.pt\/fr\/#\/schema\/logo\/image\/\"}}]}<\/script>\n<!-- \/ Yoast SEO plugin. -->","yoast_head_json":{"title":"Legal - Siroco","robots":{"index":"index","follow":"follow","max-snippet":"max-snippet:-1","max-image-preview":"max-image-preview:large","max-video-preview":"max-video-preview:-1"},"canonical":"https:\/\/siroco.com.pt\/fr\/legal\/","og_locale":"fr_FR","og_type":"article","og_title":"Legal - Siroco","og_description":"Politique de Confidentialit\u00e9 et Conditions d&rsquo;Utilisation Entreprise Siroco, Soci\u00e9t\u00e9 Industrielle de Robotique et Contr\u00f4le, SA est une soci\u00e9t\u00e9 anonyme dont le si\u00e8ge se situe en Aveiro, sp\u00e9cialis\u00e9 sur le d\u00e9veloppement et production de machines sp\u00e9ciales pour l&rsquo;industrie, ID Nbr. 501978119. Cette Politique de Confidentialit\u00e9 s&rsquo;applique surtout \u00e0 la collecte et au traitement de donn\u00e9es personnelles [&hellip;]","og_url":"https:\/\/siroco.com.pt\/fr\/legal\/","og_site_name":"Siroco","article_modified_time":"2022-12-23T17:32:40+00:00","twitter_card":"summary_large_image","twitter_misc":{"Dur\u00e9e de lecture estim\u00e9e":"4 minutes"},"schema":{"@context":"https:\/\/schema.org","@graph":[{"@type":"WebPage","@id":"https:\/\/siroco.com.pt\/fr\/legal\/","url":"https:\/\/siroco.com.pt\/fr\/legal\/","name":"Legal - Siroco","isPartOf":{"@id":"https:\/\/siroco.com.pt\/fr\/#website"},"datePublished":"2022-04-28T12:37:38+00:00","dateModified":"2022-12-23T17:32:40+00:00","breadcrumb":{"@id":"https:\/\/siroco.com.pt\/fr\/legal\/#breadcrumb"},"inLanguage":"fr-FR","potentialAction":[{"@type":"ReadAction","target":["https:\/\/siroco.com.pt\/fr\/legal\/"]}]},{"@type":"BreadcrumbList","@id":"https:\/\/siroco.com.pt\/fr\/legal\/#breadcrumb","itemListElement":[{"@type":"ListItem","position":1,"name":"Home","item":"https:\/\/siroco.com.pt\/fr\/homepage\/"},{"@type":"ListItem","position":2,"name":"Legal"}]},{"@type":"WebSite","@id":"https:\/\/siroco.com.pt\/fr\/#website","url":"https:\/\/siroco.com.pt\/fr\/","name":"Siroco","description":"Automation and robotics solutions","publisher":{"@id":"https:\/\/siroco.com.pt\/fr\/#organization"},"potentialAction":[{"@type":"SearchAction","target":{"@type":"EntryPoint","urlTemplate":"https:\/\/siroco.com.pt\/fr\/?s={search_term_string}"},"query-input":{"@type":"PropertyValueSpecification","valueRequired":true,"valueName":"search_term_string"}}],"inLanguage":"fr-FR"},{"@type":"Organization","@id":"https:\/\/siroco.com.pt\/fr\/#organization","name":"Siroco","url":"https:\/\/siroco.com.pt\/fr\/","logo":{"@type":"ImageObject","inLanguage":"fr-FR","@id":"https:\/\/siroco.com.pt\/fr\/#\/schema\/logo\/image\/","url":"https:\/\/siroco.com.pt\/wp-content\/uploads\/2022\/04\/Logo.svg","contentUrl":"https:\/\/siroco.com.pt\/wp-content\/uploads\/2022\/04\/Logo.svg","width":189.7640000000000100044417195022106170654296875,"height":80,"caption":"Siroco"},"image":{"@id":"https:\/\/siroco.com.pt\/fr\/#\/schema\/logo\/image\/"}}]}},"_links":{"self":[{"href":"https:\/\/siroco.com.pt\/fr\/wp-json\/wp\/v2\/pages\/11343","targetHints":{"allow":["GET"]}}],"collection":[{"href":"https:\/\/siroco.com.pt\/fr\/wp-json\/wp\/v2\/pages"}],"about":[{"href":"https:\/\/siroco.com.pt\/fr\/wp-json\/wp\/v2\/types\/page"}],"author":[{"embeddable":true,"href":"https:\/\/siroco.com.pt\/fr\/wp-json\/wp\/v2\/users\/13"}],"replies":[{"embeddable":true,"href":"https:\/\/siroco.com.pt\/fr\/wp-json\/wp\/v2\/comments?post=11343"}],"version-history":[{"count":7,"href":"https:\/\/siroco.com.pt\/fr\/wp-json\/wp\/v2\/pages\/11343\/revisions"}],"predecessor-version":[{"id":13304,"href":"https:\/\/siroco.com.pt\/fr\/wp-json\/wp\/v2\/pages\/11343\/revisions\/13304"}],"wp:attachment":[{"href":"https:\/\/siroco.com.pt\/fr\/wp-json\/wp\/v2\/media?parent=11343"}],"curies":[{"name":"wp","href":"https:\/\/api.w.org\/{rel}","templated":true}]}}