{"id":11387,"date":"2022-04-28T13:37:38","date_gmt":"2022-04-28T12:37:38","guid":{"rendered":"https:\/\/siroco.com.pt\/legal\/"},"modified":"2022-10-06T17:24:50","modified_gmt":"2022-10-06T16:24:50","slug":"legal","status":"publish","type":"page","link":"https:\/\/siroco.com.pt\/pt-pt\/legal\/","title":{"rendered":"Legal"},"content":{"rendered":"\t\t<div data-elementor-type=\"wp-page\" data-elementor-id=\"11387\" class=\"elementor elementor-11387 elementor-1780\" data-elementor-post-type=\"page\">\n\t\t\t\t\t\t\t\t\t<section class=\"elementor-section elementor-top-section elementor-element elementor-element-76fd662 elementor-section-boxed elementor-section-height-default elementor-section-height-default\" data-id=\"76fd662\" data-element_type=\"section\">\n\t\t\t\t\t\t<div class=\"elementor-container elementor-column-gap-no\">\n\t\t\t\t\t<div class=\"elementor-column elementor-col-100 elementor-top-column elementor-element elementor-element-d32f25a\" data-id=\"d32f25a\" data-element_type=\"column\" data-settings=\"{&quot;background_background&quot;:&quot;classic&quot;}\">\n\t\t\t<div class=\"elementor-widget-wrap elementor-element-populated\">\n\t\t\t\t\t<div class=\"elementor-background-overlay\"><\/div>\n\t\t\t\t\t\t\t\t<section class=\"elementor-section elementor-inner-section elementor-element elementor-element-8ca351e elementor-section-boxed elementor-section-height-default elementor-section-height-default\" data-id=\"8ca351e\" data-element_type=\"section\">\n\t\t\t\t\t\t<div class=\"elementor-container elementor-column-gap-default\">\n\t\t\t\t\t<div class=\"elementor-column elementor-col-33 elementor-inner-column elementor-element elementor-element-9fa9de6\" data-id=\"9fa9de6\" data-element_type=\"column\">\n\t\t\t<div class=\"elementor-widget-wrap elementor-element-populated\">\n\t\t\t\t\t\t\t\t<div class=\"elementor-element elementor-element-5a10012 elementor-widget elementor-widget-heading\" data-id=\"5a10012\" data-element_type=\"widget\" data-widget_type=\"heading.default\">\n\t\t\t\t<div class=\"elementor-widget-container\">\n\t\t\t<style>\/*! elementor - v3.16.0 - 20-09-2023 *\/\n.elementor-heading-title{padding:0;margin:0;line-height:1}.elementor-widget-heading .elementor-heading-title[class*=elementor-size-]>a{color:inherit;font-size:inherit;line-height:inherit}.elementor-widget-heading .elementor-heading-title.elementor-size-small{font-size:15px}.elementor-widget-heading .elementor-heading-title.elementor-size-medium{font-size:19px}.elementor-widget-heading .elementor-heading-title.elementor-size-large{font-size:29px}.elementor-widget-heading .elementor-heading-title.elementor-size-xl{font-size:39px}.elementor-widget-heading .elementor-heading-title.elementor-size-xxl{font-size:59px}<\/style><h1 class=\"elementor-heading-title elementor-size-default\">Pol\u00edtica de Privacidade e Condi\u00e7\u00f5es de Utiliza\u00e7\u00e3o <\/h1>\t\t<\/div>\n\t\t\t\t<\/div>\n\t\t\t\t\t<\/div>\n\t\t<\/div>\n\t\t\t\t<div class=\"elementor-column elementor-col-33 elementor-inner-column elementor-element elementor-element-23fa5e8 elementor-hidden-mobile\" data-id=\"23fa5e8\" data-element_type=\"column\">\n\t\t\t<div class=\"elementor-widget-wrap\">\n\t\t\t\t\t\t\t\t\t<\/div>\n\t\t<\/div>\n\t\t\t\t<div class=\"elementor-column elementor-col-33 elementor-inner-column elementor-element elementor-element-4993b50 elementor-hidden-mobile\" data-id=\"4993b50\" data-element_type=\"column\">\n\t\t\t<div class=\"elementor-widget-wrap\">\n\t\t\t\t\t\t\t\t\t<\/div>\n\t\t<\/div>\n\t\t\t\t\t\t\t<\/div>\n\t\t<\/section>\n\t\t\t\t\t<\/div>\n\t\t<\/div>\n\t\t\t\t\t\t\t<\/div>\n\t\t<\/section>\n\t\t\t\t<section class=\"elementor-section elementor-top-section elementor-element elementor-element-5152151 elementor-section-boxed elementor-section-height-default elementor-section-height-default\" data-id=\"5152151\" data-element_type=\"section\">\n\t\t\t\t\t\t<div class=\"elementor-container elementor-column-gap-no\">\n\t\t\t\t\t<div class=\"elementor-column elementor-col-100 elementor-top-column elementor-element elementor-element-2cc0634\" data-id=\"2cc0634\" data-element_type=\"column\" data-settings=\"{&quot;background_background&quot;:&quot;classic&quot;}\">\n\t\t\t<div class=\"elementor-widget-wrap elementor-element-populated\">\n\t\t\t\t\t<div class=\"elementor-background-overlay\"><\/div>\n\t\t\t\t\t\t\t\t<section class=\"elementor-section elementor-inner-section elementor-element elementor-element-5e3f904 elementor-section-boxed elementor-section-height-default elementor-section-height-default\" data-id=\"5e3f904\" data-element_type=\"section\">\n\t\t\t\t\t\t<div class=\"elementor-container elementor-column-gap-default\">\n\t\t\t\t\t<div class=\"elementor-column elementor-col-50 elementor-inner-column elementor-element elementor-element-e62cd12 elementor-hidden-mobile\" data-id=\"e62cd12\" data-element_type=\"column\">\n\t\t\t<div class=\"elementor-widget-wrap\">\n\t\t\t\t\t\t\t\t\t<\/div>\n\t\t<\/div>\n\t\t\t\t<div class=\"elementor-column elementor-col-50 elementor-inner-column elementor-element elementor-element-2d979bb\" data-id=\"2d979bb\" data-element_type=\"column\">\n\t\t\t<div class=\"elementor-widget-wrap elementor-element-populated\">\n\t\t\t\t\t\t\t\t<div class=\"elementor-element elementor-element-bfd2987 elementor-widget elementor-widget-heading\" data-id=\"bfd2987\" data-element_type=\"widget\" id=\"our-terms\" data-widget_type=\"heading.default\">\n\t\t\t\t<div class=\"elementor-widget-container\">\n\t\t\t<span class=\"elementor-heading-title elementor-size-default\">Empresa<\/span>\t\t<\/div>\n\t\t\t\t<\/div>\n\t\t\t\t<div class=\"elementor-element elementor-element-194821e elementor-widget elementor-widget-text-editor\" data-id=\"194821e\" data-element_type=\"widget\" data-widget_type=\"text-editor.default\">\n\t\t\t\t<div class=\"elementor-widget-container\">\n\t\t\t<style>\/*! elementor - v3.16.0 - 20-09-2023 *\/\n.elementor-widget-text-editor.elementor-drop-cap-view-stacked .elementor-drop-cap{background-color:#69727d;color:#fff}.elementor-widget-text-editor.elementor-drop-cap-view-framed .elementor-drop-cap{color:#69727d;border:3px solid;background-color:transparent}.elementor-widget-text-editor:not(.elementor-drop-cap-view-default) .elementor-drop-cap{margin-top:8px}.elementor-widget-text-editor:not(.elementor-drop-cap-view-default) .elementor-drop-cap-letter{width:1em;height:1em}.elementor-widget-text-editor .elementor-drop-cap{float:left;text-align:center;line-height:1;font-size:50px}.elementor-widget-text-editor .elementor-drop-cap-letter{display:inline-block}<\/style>\t\t\t\t<p><span id=\"\" data-sheets-value=\"{\" data-sheets-userformat=\"{\">Siroco, Sociedade Industrial de Rob\u00f3tica e Controlo SA \u00e9 uma sociedade an\u00f3nima com sede em Aveiro, dedicada ao desenvolvimento e fabrico de m\u00e1quinas especiais para a ind\u00fastria, ID Nbr. 501978119.<br \/><\/span><\/p>\n<p><span id=\"\" data-sheets-value=\"{\" data-sheets-userformat=\"{\">Esta Pol\u00edtica de Privacidade aplica-se exclusivamente \u00e0 recolha e tratamento de dados pessoais pela SIROCO S.A. e \u00e9 complementar aos termos e condi\u00e7\u00f5es mencionados nos contratos de fornecimento, de servi\u00e7os ou similares.<\/span><\/p>\n\t\t\t\t\t\t<\/div>\n\t\t\t\t<\/div>\n\t\t\t\t<div class=\"elementor-element elementor-element-bef1d16 elementor-widget elementor-widget-heading\" data-id=\"bef1d16\" data-element_type=\"widget\" data-widget_type=\"heading.default\">\n\t\t\t\t<div class=\"elementor-widget-container\">\n\t\t\t<span class=\"elementor-heading-title elementor-size-default\">\u00c2mbito<\/span>\t\t<\/div>\n\t\t\t\t<\/div>\n\t\t\t\t<div class=\"elementor-element elementor-element-662aa25 elementor-widget elementor-widget-text-editor\" data-id=\"662aa25\" data-element_type=\"widget\" data-widget_type=\"text-editor.default\">\n\t\t\t\t<div class=\"elementor-widget-container\">\n\t\t\t\t\t\t\t<p>O novo Regulamento Geral de Protec\u00e7\u00e3o de Dados (GDPR), adoptado pelo Parlamento Europeu em Maio de 2016, 25 de Maio de 2018. A SIROCO S.A. est\u00e1 empenhada em proteger a privacidade dos seus clientes e dos utilizadores das suas plataformas digitais com o objectivo de assinar o seu compromisso de privacidade e protec\u00e7\u00e3o de dados pessoais e de se comportar em estrita conformidade com a Lei de Protec\u00e7\u00e3o de Dados Pessoais.<\/p>\n\t\t\t\t\t\t<\/div>\n\t\t\t\t<\/div>\n\t\t\t\t<div class=\"elementor-element elementor-element-e5985d7 elementor-widget elementor-widget-heading\" data-id=\"e5985d7\" data-element_type=\"widget\" data-widget_type=\"heading.default\">\n\t\t\t\t<div class=\"elementor-widget-container\">\n\t\t\t<span class=\"elementor-heading-title elementor-size-default\">O que s\u00e3o dados pessoais?<\/span>\t\t<\/div>\n\t\t\t\t<\/div>\n\t\t\t\t<div class=\"elementor-element elementor-element-0b7ea7d elementor-widget elementor-widget-text-editor\" data-id=\"0b7ea7d\" data-element_type=\"widget\" data-widget_type=\"text-editor.default\">\n\t\t\t\t<div class=\"elementor-widget-container\">\n\t\t\t\t\t\t\t<p>Qualquer informa\u00e7\u00e3o relativa a uma pessoa identificada ou identific\u00e1vel, directa ou indirectamente.<\/p>\n\t\t\t\t\t\t<\/div>\n\t\t\t\t<\/div>\n\t\t\t\t<div class=\"elementor-element elementor-element-72c4022 elementor-widget elementor-widget-heading\" data-id=\"72c4022\" data-element_type=\"widget\" data-widget_type=\"heading.default\">\n\t\t\t\t<div class=\"elementor-widget-container\">\n\t\t\t<span class=\"elementor-heading-title elementor-size-default\">O tipo de dados pessoais que recolhemos, como e com que finalidade<\/span>\t\t<\/div>\n\t\t\t\t<\/div>\n\t\t\t\t<div class=\"elementor-element elementor-element-4f93acf elementor-widget elementor-widget-text-editor\" data-id=\"4f93acf\" data-element_type=\"widget\" data-widget_type=\"text-editor.default\">\n\t\t\t\t<div class=\"elementor-widget-container\">\n\t\t\t\t\t\t\t<p>Recolhemos dados pessoais quando se regista no nosso website, solicita um produto, servi\u00e7o ou informa\u00e7\u00e3o, faz uma reclama\u00e7\u00e3o ou d\u00e1 uma opini\u00e3o.<\/p>\n<p>A SIROCO S.A. recolhe os dados pessoais necess\u00e1rios \u00e0 sua actividade, normalmente para a gest\u00e3o da rela\u00e7\u00e3o contratual de fornecimento de produtos e presta\u00e7\u00e3o de servi\u00e7os e apoio ao cliente, processando neste contexto dados tais como nome, morada, n\u00famero de telefone, endere\u00e7o electr\u00f3nico, n\u00famero de IVA e dados relacionados com o hist\u00f3rico de compras.<\/p>\n<p>Podemos tamb\u00e9m recolher os seus dados para divulgar novos produtos, servi\u00e7os, ofertas especiais ou outras informa\u00e7\u00f5es que acreditamos possam ser de interesse para si. Ao titular dos dados \u00e9 garantido o direito de acesso, actualiza\u00e7\u00e3o, correc\u00e7\u00e3o e remo\u00e7\u00e3o dos dados. Para o fazer, contacte-nos utilizando o e-mail siroco@siroco.com.pt.<\/p>\n\t\t\t\t\t\t<\/div>\n\t\t\t\t<\/div>\n\t\t\t\t<div class=\"elementor-element elementor-element-d04b89f elementor-widget elementor-widget-heading\" data-id=\"d04b89f\" data-element_type=\"widget\" data-widget_type=\"heading.default\">\n\t\t\t\t<div class=\"elementor-widget-container\">\n\t\t\t<span class=\"elementor-heading-title elementor-size-default\">Tempo de armazenamento<\/span>\t\t<\/div>\n\t\t\t\t<\/div>\n\t\t\t\t<div class=\"elementor-element elementor-element-c55b6c2 elementor-widget elementor-widget-text-editor\" data-id=\"c55b6c2\" data-element_type=\"widget\" data-widget_type=\"text-editor.default\">\n\t\t\t\t<div class=\"elementor-widget-container\">\n\t\t\t\t\t\t\t<p>Quando n\u00e3o existam requisitos legais definidos, os dados ser\u00e3o armazenados durante o per\u00edodo m\u00ednimo necess\u00e1rio para atingir o objectivo para o qual foram recolhidos.<\/p>\n<p>Para fins de marketing e servi\u00e7o ao cliente, os seus dados ser\u00e3o armazenados por um per\u00edodo m\u00e1ximo de 10 anos ap\u00f3s o seu consentimento ou o seu \u00faltimo contacto. Pode revogar aqui o seu consentimento em qualquer altura.<\/p>\n\t\t\t\t\t\t<\/div>\n\t\t\t\t<\/div>\n\t\t\t\t<div class=\"elementor-element elementor-element-2883fb9 elementor-widget elementor-widget-heading\" data-id=\"2883fb9\" data-element_type=\"widget\" data-widget_type=\"heading.default\">\n\t\t\t\t<div class=\"elementor-widget-container\">\n\t\t\t<span class=\"elementor-heading-title elementor-size-default\">Seguran\u00e7a dos dados<\/span>\t\t<\/div>\n\t\t\t\t<\/div>\n\t\t\t\t<div class=\"elementor-element elementor-element-80c162f elementor-widget elementor-widget-text-editor\" data-id=\"80c162f\" data-element_type=\"widget\" data-widget_type=\"text-editor.default\">\n\t\t\t\t<div class=\"elementor-widget-container\">\n\t\t\t\t\t\t\t<p>A fim de garantir a seguran\u00e7a e integridade dos dados fornecidos pelos utilizadores do nosso website e das plataformas digitais, implement\u00e1mos medidas tecnol\u00f3gicas e organizacionais que nos ajudam a manter a informa\u00e7\u00e3o segura e actualizada.<\/p>\n<p>Os dados consultados e os voluntariamente apresentados pelo utilizador s\u00e3o codificados e armazenados em seguran\u00e7a, sujeitos \u00e0s medidas de seguran\u00e7a que consideramos essenciais para a sua protec\u00e7\u00e3o.<\/p>\n<p>Enquanto todas as medidas est\u00e3o a ser tomadas, recordamos aos nossos utilizadores a import\u00e2ncia de ter o seu PC e browser actualizados, patches de seguran\u00e7a configurados, firewall activo, antiv\u00edrus e anti-spyware e certificando-nos da autenticidade dos websites que navegam.<\/p>\n\t\t\t\t\t\t<\/div>\n\t\t\t\t<\/div>\n\t\t\t\t<div class=\"elementor-element elementor-element-9bdbaa8 elementor-widget elementor-widget-heading\" data-id=\"9bdbaa8\" data-element_type=\"widget\" id=\"cookies-policy\" data-widget_type=\"heading.default\">\n\t\t\t\t<div class=\"elementor-widget-container\">\n\t\t\t<span class=\"elementor-heading-title elementor-size-default\">Cookies<\/span>\t\t<\/div>\n\t\t\t\t<\/div>\n\t\t\t\t<div class=\"elementor-element elementor-element-91fb6c6 elementor-widget elementor-widget-text-editor\" data-id=\"91fb6c6\" data-element_type=\"widget\" data-widget_type=\"text-editor.default\">\n\t\t\t\t<div class=\"elementor-widget-container\">\n\t\t\t\t\t\t\t<p>&#8220;Cookies&#8221; s\u00e3o pequenas etiquetas de software armazenadas no seu computador atrav\u00e9s do seu browser que lhe permitem optimizar a sua experi\u00eancia de navega\u00e7\u00e3o e analisar a utiliza\u00e7\u00e3o geral do seu website.<\/p>\n<p>Os \u201ccookies\u201d s\u00e3o utilizados pela SIROCO S.A. para:<\/p>\n<p>* Recolher endere\u00e7os IP dos utilizadores. Desta forma, podemos personalizar as suas prefer\u00eancias de utiliza\u00e7\u00e3o;<br \/>* Obter informa\u00e7\u00e3o estat\u00edstica sobre o s\u00edtio web, por exemplo, distinguindo os novos utilizadores dos utilizadores regulares.<\/p>\n<p>Pode limitar ou restringir a admiss\u00e3o de cookies atrav\u00e9s das op\u00e7\u00f5es do seu navegador.<\/p>\n\t\t\t\t\t\t<\/div>\n\t\t\t\t<\/div>\n\t\t\t\t<div class=\"elementor-element elementor-element-58372e4 elementor-widget elementor-widget-heading\" data-id=\"58372e4\" data-element_type=\"widget\" data-widget_type=\"heading.default\">\n\t\t\t\t<div class=\"elementor-widget-container\">\n\t\t\t<span class=\"elementor-heading-title elementor-size-default\">Concess\u00e3o de dados a terceiros<\/span>\t\t<\/div>\n\t\t\t\t<\/div>\n\t\t\t\t<div class=\"elementor-element elementor-element-7809a2b elementor-widget elementor-widget-text-editor\" data-id=\"7809a2b\" data-element_type=\"widget\" data-widget_type=\"text-editor.default\">\n\t\t\t\t<div class=\"elementor-widget-container\">\n\t\t\t\t\t\t\t<p>Em determinadas situa\u00e7\u00f5es, a SIROCO S.A. pode transferir dados pessoais a terceiros para que estes possam prestar servi\u00e7os em nosso nome. Quando isto acontece, verificamos a adequa\u00e7\u00e3o destas entidades e as garantias que oferecem a este n\u00edvel, formalizando todas as condi\u00e7\u00f5es em contrato com a referida entidade. A SIROCO S.A. apenas fornece os dados estritamente necess\u00e1rios e ser\u00e1 sempre respons\u00e1vel pelos dados por ela fornecidos.<\/p>\n<p>Al\u00e9m disso, poderemos ter de conceder dados pessoais para fazer cumprir a lei, proteger ou defender os direitos de propriedade da SIROCO S.A. ou agir em situa\u00e7\u00f5es urgentes de protec\u00e7\u00e3o e seguran\u00e7a dos dados dos nossos utilizadores, clientes e p\u00fablicos.<\/p>\n\t\t\t\t\t\t<\/div>\n\t\t\t\t<\/div>\n\t\t\t\t<div class=\"elementor-element elementor-element-ff077c3 elementor-widget elementor-widget-heading\" data-id=\"ff077c3\" data-element_type=\"widget\" id=\"privacy-policy\" data-widget_type=\"heading.default\">\n\t\t\t\t<div class=\"elementor-widget-container\">\n\t\t\t<span class=\"elementor-heading-title elementor-size-default\">Altera\u00e7\u00f5es \u00e0 Pol\u00edtica de Privacidade<\/span>\t\t<\/div>\n\t\t\t\t<\/div>\n\t\t\t\t<div class=\"elementor-element elementor-element-51accc2 elementor-widget elementor-widget-text-editor\" data-id=\"51accc2\" data-element_type=\"widget\" data-widget_type=\"text-editor.default\">\n\t\t\t\t<div class=\"elementor-widget-container\">\n\t\t\t\t\t\t\t<p>SIROCO S.A. reserva-se o direito de actualizar esta Pol\u00edtica de Privacidade em qualquer altura. A utiliza\u00e7\u00e3o do servi\u00e7o constitui a aceita\u00e7\u00e3o destes termos e de quaisquer actualiza\u00e7\u00f5es. Como tal, reveja periodicamente a presente Pol\u00edtica de Privacidade.<\/p>\n\t\t\t\t\t\t<\/div>\n\t\t\t\t<\/div>\n\t\t\t\t<div class=\"elementor-element elementor-element-d2d775c elementor-widget elementor-widget-heading\" data-id=\"d2d775c\" data-element_type=\"widget\" data-widget_type=\"heading.default\">\n\t\t\t\t<div class=\"elementor-widget-container\">\n\t\t\t<span class=\"elementor-heading-title elementor-size-default\">Contactos<\/span>\t\t<\/div>\n\t\t\t\t<\/div>\n\t\t\t\t<div class=\"elementor-element elementor-element-94c03e7 elementor-widget elementor-widget-text-editor\" data-id=\"94c03e7\" data-element_type=\"widget\" data-widget_type=\"text-editor.default\">\n\t\t\t\t<div class=\"elementor-widget-container\">\n\t\t\t\t\t\t\t<p>A entidade respons\u00e1vel pela recolha e processamento de dados pessoais \u00e9 Siroco S.A. Se tiver alguma d\u00favida sobre a nossa pol\u00edtica de privacidade ou sobre as informa\u00e7\u00f5es que temos sobre si, <a href=\"https:\/\/siroco.com.pt\/our-contacts\/\"><span style=\"color: #00ADEE;\">contacte-nos.<\/span><\/a><\/p>\n\t\t\t\t\t\t<\/div>\n\t\t\t\t<\/div>\n\t\t\t\t\t<\/div>\n\t\t<\/div>\n\t\t\t\t\t\t\t<\/div>\n\t\t<\/section>\n\t\t\t\t\t<\/div>\n\t\t<\/div>\n\t\t\t\t\t\t\t<\/div>\n\t\t<\/section>\n\t\t\t\t\t\t\t<\/div>\n\t\t","protected":false},"excerpt":{"rendered":"<p>Pol\u00edtica de Privacidade e Condi\u00e7\u00f5es de Utiliza\u00e7\u00e3o Empresa Siroco, Sociedade Industrial de Rob\u00f3tica e Controlo SA \u00e9 uma sociedade an\u00f3nima com sede em Aveiro, dedicada ao desenvolvimento e fabrico de m\u00e1quinas especiais para a ind\u00fastria, ID Nbr. 501978119. Esta Pol\u00edtica de Privacidade aplica-se exclusivamente \u00e0 recolha e tratamento de dados pessoais pela SIROCO S.A. e [&hellip;]<\/p>\n","protected":false},"author":13,"featured_media":0,"parent":0,"menu_order":0,"comment_status":"closed","ping_status":"closed","template":"","meta":{"footnotes":""},"class_list":["post-11387","page","type-page","status-publish","hentry"],"yoast_head":"<!-- This site is optimized with the Yoast SEO plugin v27.1.1 - https:\/\/yoast.com\/product\/yoast-seo-wordpress\/ -->\n<title>Legal - Siroco<\/title>\n<meta name=\"robots\" content=\"index, follow, max-snippet:-1, max-image-preview:large, max-video-preview:-1\" \/>\n<link rel=\"canonical\" href=\"https:\/\/siroco.com.pt\/pt-pt\/legal\/\" \/>\n<meta property=\"og:locale\" content=\"pt_PT\" \/>\n<meta property=\"og:type\" content=\"article\" \/>\n<meta property=\"og:title\" content=\"Legal - Siroco\" \/>\n<meta property=\"og:description\" content=\"Pol\u00edtica de Privacidade e Condi\u00e7\u00f5es de Utiliza\u00e7\u00e3o Empresa Siroco, Sociedade Industrial de Rob\u00f3tica e Controlo SA \u00e9 uma sociedade an\u00f3nima com sede em Aveiro, dedicada ao desenvolvimento e fabrico de m\u00e1quinas especiais para a ind\u00fastria, ID Nbr. 501978119. Esta Pol\u00edtica de Privacidade aplica-se exclusivamente \u00e0 recolha e tratamento de dados pessoais pela SIROCO S.A. e [&hellip;]\" \/>\n<meta property=\"og:url\" content=\"https:\/\/siroco.com.pt\/pt-pt\/legal\/\" \/>\n<meta property=\"og:site_name\" content=\"Siroco\" \/>\n<meta property=\"article:modified_time\" content=\"2022-10-06T16:24:50+00:00\" \/>\n<meta name=\"twitter:card\" content=\"summary_large_image\" \/>\n<meta name=\"twitter:label1\" content=\"Tempo estimado de leitura\" \/>\n\t<meta name=\"twitter:data1\" content=\"4 minutos\" \/>\n<script type=\"application\/ld+json\" class=\"yoast-schema-graph\">{\"@context\":\"https:\/\/schema.org\",\"@graph\":[{\"@type\":\"WebPage\",\"@id\":\"https:\/\/siroco.com.pt\/pt-pt\/legal\/\",\"url\":\"https:\/\/siroco.com.pt\/pt-pt\/legal\/\",\"name\":\"Legal - Siroco\",\"isPartOf\":{\"@id\":\"https:\/\/siroco.com.pt\/pt-pt\/#website\"},\"datePublished\":\"2022-04-28T12:37:38+00:00\",\"dateModified\":\"2022-10-06T16:24:50+00:00\",\"breadcrumb\":{\"@id\":\"https:\/\/siroco.com.pt\/pt-pt\/legal\/#breadcrumb\"},\"inLanguage\":\"pt-PT\",\"potentialAction\":[{\"@type\":\"ReadAction\",\"target\":[\"https:\/\/siroco.com.pt\/pt-pt\/legal\/\"]}]},{\"@type\":\"BreadcrumbList\",\"@id\":\"https:\/\/siroco.com.pt\/pt-pt\/legal\/#breadcrumb\",\"itemListElement\":[{\"@type\":\"ListItem\",\"position\":1,\"name\":\"Home\",\"item\":\"https:\/\/siroco.com.pt\/pt-pt\/homepage\/\"},{\"@type\":\"ListItem\",\"position\":2,\"name\":\"Legal\"}]},{\"@type\":\"WebSite\",\"@id\":\"https:\/\/siroco.com.pt\/pt-pt\/#website\",\"url\":\"https:\/\/siroco.com.pt\/pt-pt\/\",\"name\":\"Siroco\",\"description\":\"Automation and robotics solutions\",\"publisher\":{\"@id\":\"https:\/\/siroco.com.pt\/pt-pt\/#organization\"},\"potentialAction\":[{\"@type\":\"SearchAction\",\"target\":{\"@type\":\"EntryPoint\",\"urlTemplate\":\"https:\/\/siroco.com.pt\/pt-pt\/?s={search_term_string}\"},\"query-input\":{\"@type\":\"PropertyValueSpecification\",\"valueRequired\":true,\"valueName\":\"search_term_string\"}}],\"inLanguage\":\"pt-PT\"},{\"@type\":\"Organization\",\"@id\":\"https:\/\/siroco.com.pt\/pt-pt\/#organization\",\"name\":\"Siroco\",\"url\":\"https:\/\/siroco.com.pt\/pt-pt\/\",\"logo\":{\"@type\":\"ImageObject\",\"inLanguage\":\"pt-PT\",\"@id\":\"https:\/\/siroco.com.pt\/pt-pt\/#\/schema\/logo\/image\/\",\"url\":\"https:\/\/siroco.com.pt\/wp-content\/uploads\/2022\/04\/Logo.svg\",\"contentUrl\":\"https:\/\/siroco.com.pt\/wp-content\/uploads\/2022\/04\/Logo.svg\",\"width\":189.7640000000000100044417195022106170654296875,\"height\":80,\"caption\":\"Siroco\"},\"image\":{\"@id\":\"https:\/\/siroco.com.pt\/pt-pt\/#\/schema\/logo\/image\/\"}}]}<\/script>\n<!-- \/ Yoast SEO plugin. -->","yoast_head_json":{"title":"Legal - Siroco","robots":{"index":"index","follow":"follow","max-snippet":"max-snippet:-1","max-image-preview":"max-image-preview:large","max-video-preview":"max-video-preview:-1"},"canonical":"https:\/\/siroco.com.pt\/pt-pt\/legal\/","og_locale":"pt_PT","og_type":"article","og_title":"Legal - Siroco","og_description":"Pol\u00edtica de Privacidade e Condi\u00e7\u00f5es de Utiliza\u00e7\u00e3o Empresa Siroco, Sociedade Industrial de Rob\u00f3tica e Controlo SA \u00e9 uma sociedade an\u00f3nima com sede em Aveiro, dedicada ao desenvolvimento e fabrico de m\u00e1quinas especiais para a ind\u00fastria, ID Nbr. 501978119. Esta Pol\u00edtica de Privacidade aplica-se exclusivamente \u00e0 recolha e tratamento de dados pessoais pela SIROCO S.A. e [&hellip;]","og_url":"https:\/\/siroco.com.pt\/pt-pt\/legal\/","og_site_name":"Siroco","article_modified_time":"2022-10-06T16:24:50+00:00","twitter_card":"summary_large_image","twitter_misc":{"Tempo estimado de leitura":"4 minutos"},"schema":{"@context":"https:\/\/schema.org","@graph":[{"@type":"WebPage","@id":"https:\/\/siroco.com.pt\/pt-pt\/legal\/","url":"https:\/\/siroco.com.pt\/pt-pt\/legal\/","name":"Legal - Siroco","isPartOf":{"@id":"https:\/\/siroco.com.pt\/pt-pt\/#website"},"datePublished":"2022-04-28T12:37:38+00:00","dateModified":"2022-10-06T16:24:50+00:00","breadcrumb":{"@id":"https:\/\/siroco.com.pt\/pt-pt\/legal\/#breadcrumb"},"inLanguage":"pt-PT","potentialAction":[{"@type":"ReadAction","target":["https:\/\/siroco.com.pt\/pt-pt\/legal\/"]}]},{"@type":"BreadcrumbList","@id":"https:\/\/siroco.com.pt\/pt-pt\/legal\/#breadcrumb","itemListElement":[{"@type":"ListItem","position":1,"name":"Home","item":"https:\/\/siroco.com.pt\/pt-pt\/homepage\/"},{"@type":"ListItem","position":2,"name":"Legal"}]},{"@type":"WebSite","@id":"https:\/\/siroco.com.pt\/pt-pt\/#website","url":"https:\/\/siroco.com.pt\/pt-pt\/","name":"Siroco","description":"Automation and robotics solutions","publisher":{"@id":"https:\/\/siroco.com.pt\/pt-pt\/#organization"},"potentialAction":[{"@type":"SearchAction","target":{"@type":"EntryPoint","urlTemplate":"https:\/\/siroco.com.pt\/pt-pt\/?s={search_term_string}"},"query-input":{"@type":"PropertyValueSpecification","valueRequired":true,"valueName":"search_term_string"}}],"inLanguage":"pt-PT"},{"@type":"Organization","@id":"https:\/\/siroco.com.pt\/pt-pt\/#organization","name":"Siroco","url":"https:\/\/siroco.com.pt\/pt-pt\/","logo":{"@type":"ImageObject","inLanguage":"pt-PT","@id":"https:\/\/siroco.com.pt\/pt-pt\/#\/schema\/logo\/image\/","url":"https:\/\/siroco.com.pt\/wp-content\/uploads\/2022\/04\/Logo.svg","contentUrl":"https:\/\/siroco.com.pt\/wp-content\/uploads\/2022\/04\/Logo.svg","width":189.7640000000000100044417195022106170654296875,"height":80,"caption":"Siroco"},"image":{"@id":"https:\/\/siroco.com.pt\/pt-pt\/#\/schema\/logo\/image\/"}}]}},"_links":{"self":[{"href":"https:\/\/siroco.com.pt\/pt-pt\/wp-json\/wp\/v2\/pages\/11387","targetHints":{"allow":["GET"]}}],"collection":[{"href":"https:\/\/siroco.com.pt\/pt-pt\/wp-json\/wp\/v2\/pages"}],"about":[{"href":"https:\/\/siroco.com.pt\/pt-pt\/wp-json\/wp\/v2\/types\/page"}],"author":[{"embeddable":true,"href":"https:\/\/siroco.com.pt\/pt-pt\/wp-json\/wp\/v2\/users\/13"}],"replies":[{"embeddable":true,"href":"https:\/\/siroco.com.pt\/pt-pt\/wp-json\/wp\/v2\/comments?post=11387"}],"version-history":[{"count":1,"href":"https:\/\/siroco.com.pt\/pt-pt\/wp-json\/wp\/v2\/pages\/11387\/revisions"}],"predecessor-version":[{"id":11388,"href":"https:\/\/siroco.com.pt\/pt-pt\/wp-json\/wp\/v2\/pages\/11387\/revisions\/11388"}],"wp:attachment":[{"href":"https:\/\/siroco.com.pt\/pt-pt\/wp-json\/wp\/v2\/media?parent=11387"}],"curies":[{"name":"wp","href":"https:\/\/api.w.org\/{rel}","templated":true}]}}