{"id":37477,"date":"2024-03-06T15:43:32","date_gmt":"2024-03-06T15:43:32","guid":{"rendered":"https:\/\/siroco.com.pt\/?page_id=37477"},"modified":"2024-03-06T16:14:13","modified_gmt":"2024-03-06T16:14:13","slug":"canal-de-denuncias","status":"publish","type":"page","link":"https:\/\/siroco.com.pt\/pt-pt\/canal-de-denuncias\/","title":{"rendered":"Canal de den\u00fancias"},"content":{"rendered":"\t\t<div data-elementor-type=\"wp-page\" data-elementor-id=\"37477\" class=\"elementor elementor-37477\" data-elementor-post-type=\"page\">\n\t\t\t\t\t\t\t\t\t<section class=\"elementor-section elementor-top-section elementor-element elementor-element-76fd662 elementor-section-boxed elementor-section-height-default elementor-section-height-default\" data-id=\"76fd662\" data-element_type=\"section\">\n\t\t\t\t\t\t<div class=\"elementor-container elementor-column-gap-no\">\n\t\t\t\t\t<div class=\"elementor-column elementor-col-100 elementor-top-column elementor-element elementor-element-d32f25a\" data-id=\"d32f25a\" data-element_type=\"column\" data-settings=\"{&quot;background_background&quot;:&quot;classic&quot;}\">\n\t\t\t<div class=\"elementor-widget-wrap elementor-element-populated\">\n\t\t\t\t\t<div class=\"elementor-background-overlay\"><\/div>\n\t\t\t\t\t\t\t\t<section class=\"elementor-section elementor-inner-section elementor-element elementor-element-8ca351e elementor-section-boxed elementor-section-height-default elementor-section-height-default\" data-id=\"8ca351e\" data-element_type=\"section\">\n\t\t\t\t\t\t<div class=\"elementor-container elementor-column-gap-default\">\n\t\t\t\t\t<div class=\"elementor-column elementor-col-33 elementor-inner-column elementor-element elementor-element-9fa9de6\" data-id=\"9fa9de6\" data-element_type=\"column\">\n\t\t\t<div class=\"elementor-widget-wrap elementor-element-populated\">\n\t\t\t\t\t\t\t\t<div class=\"elementor-element elementor-element-5a10012 elementor-widget elementor-widget-heading\" data-id=\"5a10012\" data-element_type=\"widget\" data-widget_type=\"heading.default\">\n\t\t\t\t<div class=\"elementor-widget-container\">\n\t\t\t<style>\/*! elementor - v3.16.0 - 20-09-2023 *\/\n.elementor-heading-title{padding:0;margin:0;line-height:1}.elementor-widget-heading .elementor-heading-title[class*=elementor-size-]>a{color:inherit;font-size:inherit;line-height:inherit}.elementor-widget-heading .elementor-heading-title.elementor-size-small{font-size:15px}.elementor-widget-heading .elementor-heading-title.elementor-size-medium{font-size:19px}.elementor-widget-heading .elementor-heading-title.elementor-size-large{font-size:29px}.elementor-widget-heading .elementor-heading-title.elementor-size-xl{font-size:39px}.elementor-widget-heading .elementor-heading-title.elementor-size-xxl{font-size:59px}<\/style><h1 class=\"elementor-heading-title elementor-size-default\">Canal de den\u00fancia<\/h1>\t\t<\/div>\n\t\t\t\t<\/div>\n\t\t\t\t\t<\/div>\n\t\t<\/div>\n\t\t\t\t<div class=\"elementor-column elementor-col-33 elementor-inner-column elementor-element elementor-element-23fa5e8 elementor-hidden-mobile\" data-id=\"23fa5e8\" data-element_type=\"column\">\n\t\t\t<div class=\"elementor-widget-wrap\">\n\t\t\t\t\t\t\t\t\t<\/div>\n\t\t<\/div>\n\t\t\t\t<div class=\"elementor-column elementor-col-33 elementor-inner-column elementor-element elementor-element-4993b50 elementor-hidden-mobile\" data-id=\"4993b50\" data-element_type=\"column\">\n\t\t\t<div class=\"elementor-widget-wrap\">\n\t\t\t\t\t\t\t\t\t<\/div>\n\t\t<\/div>\n\t\t\t\t\t\t\t<\/div>\n\t\t<\/section>\n\t\t\t\t\t<\/div>\n\t\t<\/div>\n\t\t\t\t\t\t\t<\/div>\n\t\t<\/section>\n\t\t\t\t<section class=\"elementor-section elementor-top-section elementor-element elementor-element-5152151 elementor-section-boxed elementor-section-height-default elementor-section-height-default\" data-id=\"5152151\" data-element_type=\"section\">\n\t\t\t\t\t\t<div class=\"elementor-container elementor-column-gap-no\">\n\t\t\t\t\t<div class=\"elementor-column elementor-col-100 elementor-top-column elementor-element elementor-element-2cc0634\" data-id=\"2cc0634\" data-element_type=\"column\" data-settings=\"{&quot;background_background&quot;:&quot;classic&quot;}\">\n\t\t\t<div class=\"elementor-widget-wrap elementor-element-populated\">\n\t\t\t\t\t<div class=\"elementor-background-overlay\"><\/div>\n\t\t\t\t\t\t\t\t<section class=\"elementor-section elementor-inner-section elementor-element elementor-element-5e3f904 elementor-section-boxed elementor-section-height-default elementor-section-height-default\" data-id=\"5e3f904\" data-element_type=\"section\">\n\t\t\t\t\t\t<div class=\"elementor-container elementor-column-gap-default\">\n\t\t\t\t\t<div class=\"elementor-column elementor-col-50 elementor-inner-column elementor-element elementor-element-e62cd12 elementor-hidden-mobile\" data-id=\"e62cd12\" data-element_type=\"column\">\n\t\t\t<div class=\"elementor-widget-wrap\">\n\t\t\t\t\t\t\t\t\t<\/div>\n\t\t<\/div>\n\t\t\t\t<div class=\"elementor-column elementor-col-50 elementor-inner-column elementor-element elementor-element-2d979bb\" data-id=\"2d979bb\" data-element_type=\"column\">\n\t\t\t<div class=\"elementor-widget-wrap elementor-element-populated\">\n\t\t\t\t\t\t\t\t<div class=\"elementor-element elementor-element-194821e elementor-widget elementor-widget-text-editor\" data-id=\"194821e\" data-element_type=\"widget\" data-widget_type=\"text-editor.default\">\n\t\t\t\t<div class=\"elementor-widget-container\">\n\t\t\t<style>\/*! elementor - v3.16.0 - 20-09-2023 *\/\n.elementor-widget-text-editor.elementor-drop-cap-view-stacked .elementor-drop-cap{background-color:#69727d;color:#fff}.elementor-widget-text-editor.elementor-drop-cap-view-framed .elementor-drop-cap{color:#69727d;border:3px solid;background-color:transparent}.elementor-widget-text-editor:not(.elementor-drop-cap-view-default) .elementor-drop-cap{margin-top:8px}.elementor-widget-text-editor:not(.elementor-drop-cap-view-default) .elementor-drop-cap-letter{width:1em;height:1em}.elementor-widget-text-editor .elementor-drop-cap{float:left;text-align:center;line-height:1;font-size:50px}.elementor-widget-text-editor .elementor-drop-cap-letter{display:inline-block}<\/style>\t\t\t\t<p>A Lei n.\u00ba 93\/2021, de 20 de dezembro, estabeleceu o Regime Geral de Prote\u00e7\u00e3o de Denunciantes de Infra\u00e7\u00f5es &#8211; RGPDI, transpondo a Diretiva (UE) 2019\/1937 do Parlamento Europeu e do Conselho, de 23 de outubro de 2019, relativa \u00e0 prote\u00e7\u00e3o das pessoas que denunciam viola\u00e7\u00f5es do Direito da Uni\u00e3o.<\/p><p>O RGPDI vem prever os mecanismos de admissibilidade e procedimentos aplic\u00e1veis a den\u00fancias de infra\u00e7\u00f5es, efetuadas com fundamento em informa\u00e7\u00f5es obtidas no \u00e2mbito da atividade profissional, bem como as medidas de prote\u00e7\u00e3o dos denunciantes.<\/p><p>O ato de den\u00fancia \u00e9 considerado relevante para acolher comportamentos que visem o sancionamento de condutas consideradas ilegais, fraudulentas ou corruptas, de forma isenta e imparcial.<\/p>\t\t\t\t\t\t<\/div>\n\t\t\t\t<\/div>\n\t\t\t\t<div class=\"elementor-element elementor-element-bef1d16 elementor-widget elementor-widget-heading\" data-id=\"bef1d16\" data-element_type=\"widget\" data-widget_type=\"heading.default\">\n\t\t\t\t<div class=\"elementor-widget-container\">\n\t\t\t<span class=\"elementor-heading-title elementor-size-default\">ATEN\u00c7\u00c2O<\/span>\t\t<\/div>\n\t\t\t\t<\/div>\n\t\t\t\t<div class=\"elementor-element elementor-element-662aa25 elementor-widget elementor-widget-text-editor\" data-id=\"662aa25\" data-element_type=\"widget\" data-widget_type=\"text-editor.default\">\n\t\t\t\t<div class=\"elementor-widget-container\">\n\t\t\t\t\t\t\tO presente Canal de Den\u00fancia da SIROCO n\u00e3o se destina \u00e0 apresenta\u00e7\u00e3o de den\u00fancias referentes a mat\u00e9ria de Recursos Humanos e de direito laboral.\nApenas dever\u00e3o ser submetidas den\u00fancias sobre as mat\u00e9rias especificamente identificadas na legisla\u00e7\u00e3o, nomeadamente:\t\t\t\t\t\t<\/div>\n\t\t\t\t<\/div>\n\t\t\t\t<div class=\"elementor-element elementor-element-0b7ea7d elementor-widget elementor-widget-text-editor\" data-id=\"0b7ea7d\" data-element_type=\"widget\" data-widget_type=\"text-editor.default\">\n\t\t\t\t<div class=\"elementor-widget-container\">\n\t\t\t\t\t\t\t<ul><li>Contrata\u00e7\u00e3o p\u00fablica;<\/li><li>Servi\u00e7os, produtos e mercados financeiros e preven\u00e7\u00e3o do branqueamento de capitais e do financiamento do terrorismo;<\/li><li>Seguran\u00e7a e conformidade dos produtos;<\/li><li>Seguran\u00e7a dos transportes;<\/li><li>Prote\u00e7\u00e3o do ambiente;<\/li><li>Prote\u00e7\u00e3o contra radia\u00e7\u00f5es e seguran\u00e7a nuclear;<\/li><li>Seguran\u00e7a dos alimentos para consumo humano e animal, sa\u00fade animal e bem-estar animal;<\/li><li>Sa\u00fade p\u00fablica;<\/li><li>Defesa do consumidor e Prote\u00e7\u00e3o da privacidade e dos dados pessoais e seguran\u00e7a da rede e dos sistemas de informa\u00e7\u00e3o.<\/li><\/ul>\t\t\t\t\t\t<\/div>\n\t\t\t\t<\/div>\n\t\t\t\t<div class=\"elementor-element elementor-element-4f93acf elementor-widget elementor-widget-text-editor\" data-id=\"4f93acf\" data-element_type=\"widget\" data-widget_type=\"text-editor.default\">\n\t\t\t\t<div class=\"elementor-widget-container\">\n\t\t\t\t\t\t\t<p>As den\u00fancias podem ser efetuadas de forma confidencial, indicando o nome e as informa\u00e7\u00f5es de contacto ou, se pretender, de forma totalmente an\u00f3nima.<br \/>Todos os pedidos de den\u00fancia s\u00e3o tratados de forma confidencial e segura pela SIROCO.<\/p>\t\t\t\t\t\t<\/div>\n\t\t\t\t<\/div>\n\t\t\t\t<div class=\"elementor-element elementor-element-279b46c elementor-widget elementor-widget-heading\" data-id=\"279b46c\" data-element_type=\"widget\" data-widget_type=\"heading.default\">\n\t\t\t\t<div class=\"elementor-widget-container\">\n\t\t\t<span class=\"elementor-heading-title elementor-size-default\">Den\u00fancias por e-mail<\/span>\t\t<\/div>\n\t\t\t\t<\/div>\n\t\t\t\t<div class=\"elementor-element elementor-element-80c162f elementor-widget elementor-widget-text-editor\" data-id=\"80c162f\" data-element_type=\"widget\" data-widget_type=\"text-editor.default\">\n\t\t\t\t<div class=\"elementor-widget-container\">\n\t\t\t\t\t\t\t<p><a href=\"mailto:comunicacao.irregularidades@siroco.com.pt\" target=\"_blank\" rel=\"noopener\"><span style=\"color: #00adee;\">comunicacao.irregularidades@siroco.com.pt<\/span><\/a><br \/>No caso de pretender manter o anonimato, dever\u00e1 criar um email para o efeito que n\u00e3o permita a sua identifica\u00e7\u00e3o.<\/p>\t\t\t\t\t\t<\/div>\n\t\t\t\t<\/div>\n\t\t\t\t<div class=\"elementor-element elementor-element-a63406a elementor-widget elementor-widget-heading\" data-id=\"a63406a\" data-element_type=\"widget\" data-widget_type=\"heading.default\">\n\t\t\t\t<div class=\"elementor-widget-container\">\n\t\t\t<span class=\"elementor-heading-title elementor-size-default\">Den\u00fancias por via postal<\/span>\t\t<\/div>\n\t\t\t\t<\/div>\n\t\t\t\t<div class=\"elementor-element elementor-element-ff2319d elementor-widget elementor-widget-text-editor\" data-id=\"ff2319d\" data-element_type=\"widget\" data-widget_type=\"text-editor.default\">\n\t\t\t\t<div class=\"elementor-widget-container\">\n\t\t\t\t\t\t\t<p>Siroco Sociedade Industrial de Rob\u00f3tica e Controlo SA, Zona Industria de Taboeira, 3801-101 Aveiro \u2013 Incluir indica\u00e7\u00e3o de \u201cden\u00fancia\u201d.<br \/>No caso de pretender manter o anonimato, ainda assim dever\u00e1 indicar a morada para a qual a SIROCO o poder\u00e1 contactar.<\/p>\t\t\t\t\t\t<\/div>\n\t\t\t\t<\/div>\n\t\t\t\t<div class=\"elementor-element elementor-element-91fb6c6 elementor-widget elementor-widget-text-editor\" data-id=\"91fb6c6\" data-element_type=\"widget\" data-widget_type=\"text-editor.default\">\n\t\t\t\t<div class=\"elementor-widget-container\">\n\t\t\t\t\t\t\t<p>Posteriormente, os administradores do canal de den\u00fancia ir\u00e3o solicitar-lhe informa\u00e7\u00e3o adicional para os ajudar a resolver o problema ou tomar as medidas apropriadas.<\/p>\t\t\t\t\t\t<\/div>\n\t\t\t\t<\/div>\n\t\t\t\t\t<\/div>\n\t\t<\/div>\n\t\t\t\t\t\t\t<\/div>\n\t\t<\/section>\n\t\t\t\t\t<\/div>\n\t\t<\/div>\n\t\t\t\t\t\t\t<\/div>\n\t\t<\/section>\n\t\t\t\t\t\t\t<\/div>\n\t\t","protected":false},"excerpt":{"rendered":"<p>Canal de den\u00fancia A Lei n.\u00ba 93\/2021, de 20 de dezembro, estabeleceu o Regime Geral de Prote\u00e7\u00e3o de Denunciantes de Infra\u00e7\u00f5es &#8211; RGPDI, transpondo a Diretiva (UE) 2019\/1937 do Parlamento Europeu e do Conselho, de 23 de outubro de 2019, relativa \u00e0 prote\u00e7\u00e3o das pessoas que denunciam viola\u00e7\u00f5es do Direito da Uni\u00e3o. O RGPDI vem [&hellip;]<\/p>\n","protected":false},"author":16,"featured_media":0,"parent":0,"menu_order":0,"comment_status":"closed","ping_status":"closed","template":"","meta":{"footnotes":""},"class_list":["post-37477","page","type-page","status-publish","hentry"],"yoast_head":"<!-- This site is optimized with the Yoast SEO plugin v27.1.1 - https:\/\/yoast.com\/product\/yoast-seo-wordpress\/ -->\n<title>Canal de den\u00fancias - Siroco<\/title>\n<meta name=\"robots\" content=\"index, follow, max-snippet:-1, max-image-preview:large, max-video-preview:-1\" \/>\n<link rel=\"canonical\" href=\"https:\/\/siroco.com.pt\/pt-pt\/canal-de-denuncias\/\" \/>\n<meta property=\"og:locale\" content=\"pt_PT\" \/>\n<meta property=\"og:type\" content=\"article\" \/>\n<meta property=\"og:title\" content=\"Canal de den\u00fancias - Siroco\" \/>\n<meta property=\"og:description\" content=\"Canal de den\u00fancia A Lei n.\u00ba 93\/2021, de 20 de dezembro, estabeleceu o Regime Geral de Prote\u00e7\u00e3o de Denunciantes de Infra\u00e7\u00f5es &#8211; RGPDI, transpondo a Diretiva (UE) 2019\/1937 do Parlamento Europeu e do Conselho, de 23 de outubro de 2019, relativa \u00e0 prote\u00e7\u00e3o das pessoas que denunciam viola\u00e7\u00f5es do Direito da Uni\u00e3o. O RGPDI vem [&hellip;]\" \/>\n<meta property=\"og:url\" content=\"https:\/\/siroco.com.pt\/pt-pt\/canal-de-denuncias\/\" \/>\n<meta property=\"og:site_name\" content=\"Siroco\" \/>\n<meta property=\"article:modified_time\" content=\"2024-03-06T16:14:13+00:00\" \/>\n<meta name=\"twitter:card\" content=\"summary_large_image\" \/>\n<meta name=\"twitter:label1\" content=\"Tempo estimado de leitura\" \/>\n\t<meta name=\"twitter:data1\" content=\"2 minutos\" \/>\n<script type=\"application\/ld+json\" class=\"yoast-schema-graph\">{\"@context\":\"https:\/\/schema.org\",\"@graph\":[{\"@type\":\"WebPage\",\"@id\":\"https:\/\/siroco.com.pt\/pt-pt\/canal-de-denuncias\/\",\"url\":\"https:\/\/siroco.com.pt\/pt-pt\/canal-de-denuncias\/\",\"name\":\"Canal de den\u00fancias - Siroco\",\"isPartOf\":{\"@id\":\"https:\/\/siroco.com.pt\/pt-pt\/#website\"},\"datePublished\":\"2024-03-06T15:43:32+00:00\",\"dateModified\":\"2024-03-06T16:14:13+00:00\",\"breadcrumb\":{\"@id\":\"https:\/\/siroco.com.pt\/pt-pt\/canal-de-denuncias\/#breadcrumb\"},\"inLanguage\":\"pt-PT\",\"potentialAction\":[{\"@type\":\"ReadAction\",\"target\":[\"https:\/\/siroco.com.pt\/pt-pt\/canal-de-denuncias\/\"]}]},{\"@type\":\"BreadcrumbList\",\"@id\":\"https:\/\/siroco.com.pt\/pt-pt\/canal-de-denuncias\/#breadcrumb\",\"itemListElement\":[{\"@type\":\"ListItem\",\"position\":1,\"name\":\"Home\",\"item\":\"https:\/\/siroco.com.pt\/pt-pt\/homepage\/\"},{\"@type\":\"ListItem\",\"position\":2,\"name\":\"Canal de den\u00fancias\"}]},{\"@type\":\"WebSite\",\"@id\":\"https:\/\/siroco.com.pt\/pt-pt\/#website\",\"url\":\"https:\/\/siroco.com.pt\/pt-pt\/\",\"name\":\"Siroco\",\"description\":\"Automation and robotics solutions\",\"publisher\":{\"@id\":\"https:\/\/siroco.com.pt\/pt-pt\/#organization\"},\"potentialAction\":[{\"@type\":\"SearchAction\",\"target\":{\"@type\":\"EntryPoint\",\"urlTemplate\":\"https:\/\/siroco.com.pt\/pt-pt\/?s={search_term_string}\"},\"query-input\":{\"@type\":\"PropertyValueSpecification\",\"valueRequired\":true,\"valueName\":\"search_term_string\"}}],\"inLanguage\":\"pt-PT\"},{\"@type\":\"Organization\",\"@id\":\"https:\/\/siroco.com.pt\/pt-pt\/#organization\",\"name\":\"Siroco\",\"url\":\"https:\/\/siroco.com.pt\/pt-pt\/\",\"logo\":{\"@type\":\"ImageObject\",\"inLanguage\":\"pt-PT\",\"@id\":\"https:\/\/siroco.com.pt\/pt-pt\/#\/schema\/logo\/image\/\",\"url\":\"https:\/\/siroco.com.pt\/wp-content\/uploads\/2022\/04\/Logo.svg\",\"contentUrl\":\"https:\/\/siroco.com.pt\/wp-content\/uploads\/2022\/04\/Logo.svg\",\"width\":189.7640000000000100044417195022106170654296875,\"height\":80,\"caption\":\"Siroco\"},\"image\":{\"@id\":\"https:\/\/siroco.com.pt\/pt-pt\/#\/schema\/logo\/image\/\"}}]}<\/script>\n<!-- \/ Yoast SEO plugin. -->","yoast_head_json":{"title":"Canal de den\u00fancias - Siroco","robots":{"index":"index","follow":"follow","max-snippet":"max-snippet:-1","max-image-preview":"max-image-preview:large","max-video-preview":"max-video-preview:-1"},"canonical":"https:\/\/siroco.com.pt\/pt-pt\/canal-de-denuncias\/","og_locale":"pt_PT","og_type":"article","og_title":"Canal de den\u00fancias - Siroco","og_description":"Canal de den\u00fancia A Lei n.\u00ba 93\/2021, de 20 de dezembro, estabeleceu o Regime Geral de Prote\u00e7\u00e3o de Denunciantes de Infra\u00e7\u00f5es &#8211; RGPDI, transpondo a Diretiva (UE) 2019\/1937 do Parlamento Europeu e do Conselho, de 23 de outubro de 2019, relativa \u00e0 prote\u00e7\u00e3o das pessoas que denunciam viola\u00e7\u00f5es do Direito da Uni\u00e3o. O RGPDI vem [&hellip;]","og_url":"https:\/\/siroco.com.pt\/pt-pt\/canal-de-denuncias\/","og_site_name":"Siroco","article_modified_time":"2024-03-06T16:14:13+00:00","twitter_card":"summary_large_image","twitter_misc":{"Tempo estimado de leitura":"2 minutos"},"schema":{"@context":"https:\/\/schema.org","@graph":[{"@type":"WebPage","@id":"https:\/\/siroco.com.pt\/pt-pt\/canal-de-denuncias\/","url":"https:\/\/siroco.com.pt\/pt-pt\/canal-de-denuncias\/","name":"Canal de den\u00fancias - Siroco","isPartOf":{"@id":"https:\/\/siroco.com.pt\/pt-pt\/#website"},"datePublished":"2024-03-06T15:43:32+00:00","dateModified":"2024-03-06T16:14:13+00:00","breadcrumb":{"@id":"https:\/\/siroco.com.pt\/pt-pt\/canal-de-denuncias\/#breadcrumb"},"inLanguage":"pt-PT","potentialAction":[{"@type":"ReadAction","target":["https:\/\/siroco.com.pt\/pt-pt\/canal-de-denuncias\/"]}]},{"@type":"BreadcrumbList","@id":"https:\/\/siroco.com.pt\/pt-pt\/canal-de-denuncias\/#breadcrumb","itemListElement":[{"@type":"ListItem","position":1,"name":"Home","item":"https:\/\/siroco.com.pt\/pt-pt\/homepage\/"},{"@type":"ListItem","position":2,"name":"Canal de den\u00fancias"}]},{"@type":"WebSite","@id":"https:\/\/siroco.com.pt\/pt-pt\/#website","url":"https:\/\/siroco.com.pt\/pt-pt\/","name":"Siroco","description":"Automation and robotics solutions","publisher":{"@id":"https:\/\/siroco.com.pt\/pt-pt\/#organization"},"potentialAction":[{"@type":"SearchAction","target":{"@type":"EntryPoint","urlTemplate":"https:\/\/siroco.com.pt\/pt-pt\/?s={search_term_string}"},"query-input":{"@type":"PropertyValueSpecification","valueRequired":true,"valueName":"search_term_string"}}],"inLanguage":"pt-PT"},{"@type":"Organization","@id":"https:\/\/siroco.com.pt\/pt-pt\/#organization","name":"Siroco","url":"https:\/\/siroco.com.pt\/pt-pt\/","logo":{"@type":"ImageObject","inLanguage":"pt-PT","@id":"https:\/\/siroco.com.pt\/pt-pt\/#\/schema\/logo\/image\/","url":"https:\/\/siroco.com.pt\/wp-content\/uploads\/2022\/04\/Logo.svg","contentUrl":"https:\/\/siroco.com.pt\/wp-content\/uploads\/2022\/04\/Logo.svg","width":189.7640000000000100044417195022106170654296875,"height":80,"caption":"Siroco"},"image":{"@id":"https:\/\/siroco.com.pt\/pt-pt\/#\/schema\/logo\/image\/"}}]}},"_links":{"self":[{"href":"https:\/\/siroco.com.pt\/pt-pt\/wp-json\/wp\/v2\/pages\/37477","targetHints":{"allow":["GET"]}}],"collection":[{"href":"https:\/\/siroco.com.pt\/pt-pt\/wp-json\/wp\/v2\/pages"}],"about":[{"href":"https:\/\/siroco.com.pt\/pt-pt\/wp-json\/wp\/v2\/types\/page"}],"author":[{"embeddable":true,"href":"https:\/\/siroco.com.pt\/pt-pt\/wp-json\/wp\/v2\/users\/16"}],"replies":[{"embeddable":true,"href":"https:\/\/siroco.com.pt\/pt-pt\/wp-json\/wp\/v2\/comments?post=37477"}],"version-history":[{"count":7,"href":"https:\/\/siroco.com.pt\/pt-pt\/wp-json\/wp\/v2\/pages\/37477\/revisions"}],"predecessor-version":[{"id":37487,"href":"https:\/\/siroco.com.pt\/pt-pt\/wp-json\/wp\/v2\/pages\/37477\/revisions\/37487"}],"wp:attachment":[{"href":"https:\/\/siroco.com.pt\/pt-pt\/wp-json\/wp\/v2\/media?parent=37477"}],"curies":[{"name":"wp","href":"https:\/\/api.w.org\/{rel}","templated":true}]}}